{"id":20,"date":"2023-02-07T20:58:42","date_gmt":"2023-02-07T19:58:42","guid":{"rendered":"https:\/\/www.xn--psychotherapie-hlzl-56b.at\/?page_id=20"},"modified":"2025-01-20T19:36:00","modified_gmt":"2025-01-20T18:36:00","slug":"ueber-mich","status":"publish","type":"page","link":"https:\/\/www.psychotherapie-h\u00f6lzl.at\/?page_id=20","title":{"rendered":"\u00dcber mich"},"content":{"rendered":"\n<p>Ich bin 1992 in der Steiermark geboren und lebe und arbeite seit vielen Jahren in Graz. Seit 2022 bin ich Psychotherapeutin in Ausbildung unter Supervision und seit 2023 arbeite ich auch in freier Praxis. Besonders gerne gehe ich in meiner Freizeit meinen Hobbys, dem Reiten und Reisen nach und verbringe viel Zeit mit Freunden und meiner Familie.<\/p>\n\n\n\n<p><strong>Ausbildungen:<\/strong><\/p>\n\n\n\n<ul class=\"wp-block-list\">\n<li>Weiterbildung f\u00fcr S\u00e4uglings-, Kinder- und Jugendlichenpsychotherapie<\/li>\n\n\n\n<li>Fachspezifikum Integrative Gestalttherapie<\/li>\n\n\n\n<li>Psychotherapeutisches Prop\u00e4deutikum (\u00d6AGG)<\/li>\n\n\n\n<li>Studium Soziale Arbeit an der &nbsp;FH Joanneum<\/li>\n\n\n\n<li>FEBS &#8211; reitp\u00e4dagogische Ausbildung<\/li>\n\n\n\n<li>Weiterbildung f\u00fcr S\u00e4uglings- Kinder- und Jugendpsychotherapie<\/li>\n<\/ul>\n\n\n\n<p><strong>Arbeitserfahrungen<\/strong><\/p>\n\n\n\n<ul class=\"wp-block-list\">\n<li>Psychotherapeutin in Ausbildung unter Supervision in freier Praxis<\/li>\n\n\n\n<li>Sozialarbeiterin im Vollzeitbetreuten Wohnen f\u00fcr psychisch kranke Mensche<\/li>\n\n\n\n<li>Sozialarbeiterin an Grazer Schulen \u2013 Unterst\u00fctzung von Familien in schwierigen Lebensphasen<\/li>\n\n\n\n<li>Sozialarbeiterin im Anton-Afritsch- Kinderdorf<\/li>\n\n\n\n<li>Sexualp\u00e4dagogische Workshops f\u00fcr M\u00e4dchen als Sozialarbeiterin f\u00fcr den Verein Mafalda an Pflichtschulen<\/li>\n\n\n\n<li>reitp\u00e4dagogische Betreuung im Anton Afritsch Kinderdorf<\/li>\n\n\n\n<li>Selbstst\u00e4ndige Reitp\u00e4dagogin<\/li>\n<\/ul>\n\n\n\n<div class=\"wp-block-columns is-layout-flex wp-container-core-columns-is-layout-9d6595d7 wp-block-columns-is-layout-flex\">\n<div class=\"wp-block-column is-layout-flow wp-block-column-is-layout-flow\">\n<figure class=\"wp-block-image size-large\"><img loading=\"lazy\" decoding=\"async\" width=\"683\" height=\"1024\" src=\"https:\/\/www.psychotherapie-h\u00f6lzl.at\/wp-content\/uploads\/2023\/04\/annapraxiscdieSonne-07-683x1024.jpg\" alt=\"\" class=\"wp-image-125\" srcset=\"https:\/\/www.psychotherapie-h\u00f6lzl.at\/wp-content\/uploads\/2023\/04\/annapraxiscdieSonne-07-683x1024.jpg 683w, https:\/\/www.psychotherapie-h\u00f6lzl.at\/wp-content\/uploads\/2023\/04\/annapraxiscdieSonne-07-200x300.jpg 200w, https:\/\/www.psychotherapie-h\u00f6lzl.at\/wp-content\/uploads\/2023\/04\/annapraxiscdieSonne-07-768x1152.jpg 768w, https:\/\/www.psychotherapie-h\u00f6lzl.at\/wp-content\/uploads\/2023\/04\/annapraxiscdieSonne-07-1024x1536.jpg 1024w, https:\/\/www.psychotherapie-h\u00f6lzl.at\/wp-content\/uploads\/2023\/04\/annapraxiscdieSonne-07-1365x2048.jpg 1365w, https:\/\/www.psychotherapie-h\u00f6lzl.at\/wp-content\/uploads\/2023\/04\/annapraxiscdieSonne-07-1140x1710.jpg 1140w, https:\/\/www.psychotherapie-h\u00f6lzl.at\/wp-content\/uploads\/2023\/04\/annapraxiscdieSonne-07-scaled.jpg 1706w\" sizes=\"auto, (max-width: 683px) 100vw, 683px\" \/><\/figure>\n<\/div>\n\n\n\n<div class=\"wp-block-column is-layout-flow wp-block-column-is-layout-flow\">\n<figure class=\"wp-block-image size-large\"><img loading=\"lazy\" decoding=\"async\" width=\"683\" height=\"1024\" src=\"https:\/\/www.psychotherapie-h\u00f6lzl.at\/wp-content\/uploads\/2023\/03\/annaportraitscdieSonne-02-683x1024.jpg\" alt=\"\" class=\"wp-image-110\" srcset=\"https:\/\/www.psychotherapie-h\u00f6lzl.at\/wp-content\/uploads\/2023\/03\/annaportraitscdieSonne-02-683x1024.jpg 683w, https:\/\/www.psychotherapie-h\u00f6lzl.at\/wp-content\/uploads\/2023\/03\/annaportraitscdieSonne-02-200x300.jpg 200w, https:\/\/www.psychotherapie-h\u00f6lzl.at\/wp-content\/uploads\/2023\/03\/annaportraitscdieSonne-02-768x1151.jpg 768w, https:\/\/www.psychotherapie-h\u00f6lzl.at\/wp-content\/uploads\/2023\/03\/annaportraitscdieSonne-02-1025x1536.jpg 1025w, https:\/\/www.psychotherapie-h\u00f6lzl.at\/wp-content\/uploads\/2023\/03\/annaportraitscdieSonne-02-1367x2048.jpg 1367w, https:\/\/www.psychotherapie-h\u00f6lzl.at\/wp-content\/uploads\/2023\/03\/annaportraitscdieSonne-02-1140x1708.jpg 1140w, https:\/\/www.psychotherapie-h\u00f6lzl.at\/wp-content\/uploads\/2023\/03\/annaportraitscdieSonne-02-scaled.jpg 1709w\" sizes=\"auto, (max-width: 683px) 100vw, 683px\" \/><\/figure>\n<\/div>\n<\/div>\n","protected":false},"excerpt":{"rendered":"<p>Ich bin 1992 in der Steiermark geboren und lebe und arbeite seit vielen Jahren in Graz. Seit 2022 bin ich Psychotherapeutin in Ausbildung unter Supervision und seit 2023 arbeite ich auch in freier Praxis. Besonders gerne gehe ich in meiner Freizeit meinen Hobbys, dem Reiten und Reisen nach und verbringe viel Zeit mit Freunden und meiner Familie. Ausbildungen: Arbeitserfahrungen<\/p>\n","protected":false},"author":1,"featured_media":0,"parent":0,"menu_order":0,"comment_status":"closed","ping_status":"closed","template":"","meta":{"footnotes":""},"class_list":["post-20","page","type-page","status-publish","hentry"],"_links":{"self":[{"href":"https:\/\/www.psychotherapie-h\u00f6lzl.at\/index.php?rest_route=\/wp\/v2\/pages\/20","targetHints":{"allow":["GET"]}}],"collection":[{"href":"https:\/\/www.psychotherapie-h\u00f6lzl.at\/index.php?rest_route=\/wp\/v2\/pages"}],"about":[{"href":"https:\/\/www.psychotherapie-h\u00f6lzl.at\/index.php?rest_route=\/wp\/v2\/types\/page"}],"author":[{"embeddable":true,"href":"https:\/\/www.psychotherapie-h\u00f6lzl.at\/index.php?rest_route=\/wp\/v2\/users\/1"}],"replies":[{"embeddable":true,"href":"https:\/\/www.psychotherapie-h\u00f6lzl.at\/index.php?rest_route=%2Fwp%2Fv2%2Fcomments&post=20"}],"version-history":[{"count":9,"href":"https:\/\/www.psychotherapie-h\u00f6lzl.at\/index.php?rest_route=\/wp\/v2\/pages\/20\/revisions"}],"predecessor-version":[{"id":141,"href":"https:\/\/www.psychotherapie-h\u00f6lzl.at\/index.php?rest_route=\/wp\/v2\/pages\/20\/revisions\/141"}],"wp:attachment":[{"href":"https:\/\/www.psychotherapie-h\u00f6lzl.at\/index.php?rest_route=%2Fwp%2Fv2%2Fmedia&parent=20"}],"curies":[{"name":"wp","href":"https:\/\/api.w.org\/{rel}","templated":true}]}}