{"id":105,"date":"2023-03-19T18:42:30","date_gmt":"2023-03-19T17:42:30","guid":{"rendered":"https:\/\/www.psychotherapie-h\u00f6lzl.at\/?page_id=105"},"modified":"2025-07-24T15:13:22","modified_gmt":"2025-07-24T13:13:22","slug":"rahmenbedingungen","status":"publish","type":"page","link":"https:\/\/www.psychotherapie-h\u00f6lzl.at\/?page_id=105","title":{"rendered":"Rahmenbedingungen"},"content":{"rendered":"\n<p><strong>Terminvereinbarungen<\/strong><\/p>\n\n\n\n<p>Am Besten melden Sie sich telefonisch bei mir. Sie k\u00f6nnen aber nat\u00fcrlich auch eine E-Mail schreiben.&nbsp; &nbsp;<\/p>\n\n\n\n<p><strong>Dauer<\/strong><\/p>\n\n\n\n<p>Eine Therapieeinheit dauert 50 Minuten und kostet 75 Euro. Ein Zuschuss der Krankenkasse ist nicht m\u00f6glich.\u00a0Ich biete jedoch auch einen verg\u00fcnstigten Sozial- und StundentInnentarif an. Sprechen Sie mich bitte im Erstgespr\u00e4ch darauf an.\u00a0<\/p>\n\n\n\n<p><strong>Absageregelung<\/strong><\/p>\n\n\n\n<p>Bei einer Absage bis 24 Stunden vor dem vereinbarten Termin wird die Stunde nicht verrechnet, danach verrechne ich den vereinbarten Stundentarif.&nbsp;<\/p>\n\n\n\n<p><strong>Was bedeutet \u201cin Ausbildung unter Supervision\u201d?<\/strong><\/p>\n\n\n\n<p>Diese Bezeichnung bekommen PsychotherapeutInnen in der letzten Ausbildungsphase. Sie sind zur eigenst\u00e4ndigen Arbeit berechtigt, m\u00fcssen diese aber durch sehr erfahrene TherapeutInnen in anonymisierter Form supervidieren lassen. F\u00fcr Sie bringt das den Vorteil einer begleitenden Qualit\u00e4tssicherung. Ihre personenbezogenen Daten werden anonymisiert, sodass sie Ihnen nicht mehr zugeordnet werden k\u00f6nnen. Die SupervisorInnen unterliegen der Schweigepflicht.&nbsp; &nbsp;<\/p>\n\n\n\n<p><strong>Verschwiegenheitspflicht<\/strong><\/p>\n\n\n\n<p>&nbsp;Als Psychotherapeutin unterliege ich einer strengen, gesetzlich verankerten Verschwiegenheitspflicht.&nbsp; &nbsp;<\/p>\n\n\n\n<p><strong>Krisentelefon und Notrufnummern<\/strong><\/p>\n\n\n\n<p>Telefonseelsorge 0-24h: 142<\/p>\n\n\n\n<p>Frauenhelpline: 0800 222 555<\/p>\n\n\n\n<p>M\u00e4nnernotruf: 0800 246 247<\/p>\n\n\n\n<p>\u00d63 Rotes Kreuz Kummernummer: 116 123<\/p>\n\n\n\n<p>Rat auf Draht: 147<\/p>\n\n\n\n<p>Psychiatrische Akutambulanz LKH II Standort S\u00fcd: 0316 2191-0<\/p>\n","protected":false},"excerpt":{"rendered":"<p>Terminvereinbarungen Am Besten melden Sie sich telefonisch bei mir. Sie k\u00f6nnen aber nat\u00fcrlich auch eine E-Mail schreiben.&nbsp; &nbsp; Dauer Eine Therapieeinheit dauert 50 Minuten und kostet 75 Euro. Ein Zuschuss der Krankenkasse ist nicht m\u00f6glich.\u00a0Ich biete jedoch auch einen verg\u00fcnstigten Sozial- und StundentInnentarif an. Sprechen Sie mich bitte im Erstgespr\u00e4ch darauf an.\u00a0 Absageregelung Bei einer Absage bis 24 Stunden vor dem vereinbarten Termin wird die Stunde nicht verrechnet, danach verrechne ich den vereinbarten Stundentarif.&nbsp; Was bedeutet \u201cin Ausbildung unter Supervision\u201d? Diese Bezeichnung bekommen PsychotherapeutInnen in der letzten Ausbildungsphase. Sie sind zur eigenst\u00e4ndigen Arbeit berechtigt, m\u00fcssen diese aber durch sehr erfahrene TherapeutInnen in anonymisierter Form supervidieren lassen. F\u00fcr Sie bringt das den Vorteil einer begleitenden Qualit\u00e4tssicherung. Ihre personenbezogenen Daten werden anonymisiert, sodass sie Ihnen nicht mehr zugeordnet werden k\u00f6nnen. Die SupervisorInnen unterliegen der Schweigepflicht.&nbsp; &nbsp; Verschwiegenheitspflicht &nbsp;Als Psychotherapeutin unterliege ich einer strengen, gesetzlich verankerten Verschwiegenheitspflicht.&nbsp; &nbsp; Krisentelefon und Notrufnummern Telefonseelsorge 0-24h: 142 Frauenhelpline: 0800 222 555 M\u00e4nnernotruf: 0800 246 247 \u00d63 Rotes Kreuz Kummernummer: 116 123 Rat auf Draht: 147 Psychiatrische Akutambulanz LKH II Standort S\u00fcd: 0316 2191-0<\/p>\n","protected":false},"author":1,"featured_media":0,"parent":0,"menu_order":0,"comment_status":"closed","ping_status":"closed","template":"","meta":{"footnotes":""},"class_list":["post-105","page","type-page","status-publish","hentry"],"_links":{"self":[{"href":"https:\/\/www.psychotherapie-h\u00f6lzl.at\/index.php?rest_route=\/wp\/v2\/pages\/105","targetHints":{"allow":["GET"]}}],"collection":[{"href":"https:\/\/www.psychotherapie-h\u00f6lzl.at\/index.php?rest_route=\/wp\/v2\/pages"}],"about":[{"href":"https:\/\/www.psychotherapie-h\u00f6lzl.at\/index.php?rest_route=\/wp\/v2\/types\/page"}],"author":[{"embeddable":true,"href":"https:\/\/www.psychotherapie-h\u00f6lzl.at\/index.php?rest_route=\/wp\/v2\/users\/1"}],"replies":[{"embeddable":true,"href":"https:\/\/www.psychotherapie-h\u00f6lzl.at\/index.php?rest_route=%2Fwp%2Fv2%2Fcomments&post=105"}],"version-history":[{"count":3,"href":"https:\/\/www.psychotherapie-h\u00f6lzl.at\/index.php?rest_route=\/wp\/v2\/pages\/105\/revisions"}],"predecessor-version":[{"id":143,"href":"https:\/\/www.psychotherapie-h\u00f6lzl.at\/index.php?rest_route=\/wp\/v2\/pages\/105\/revisions\/143"}],"wp:attachment":[{"href":"https:\/\/www.psychotherapie-h\u00f6lzl.at\/index.php?rest_route=%2Fwp%2Fv2%2Fmedia&parent=105"}],"curies":[{"name":"wp","href":"https:\/\/api.w.org\/{rel}","templated":true}]}}